{"id":60,"date":"2019-10-15T16:25:50","date_gmt":"2019-10-15T14:25:50","guid":{"rendered":"http:\/\/t02.wpdozent10.mvhs-online.de\/?page_id=60"},"modified":"2025-11-16T09:42:03","modified_gmt":"2025-11-16T09:42:03","slug":"profil-2","status":"publish","type":"page","link":"https:\/\/brandcomchange.de\/?page_id=60","title":{"rendered":"Portfolio"},"content":{"rendered":"\n<h2 class=\"wp-block-heading\">Corporate Identity and Brand Management<\/h2>\n\n\n\n<p>Als Beraterin f\u00fcr strategische und operative Markenf\u00fchrung unterst\u00fctze ich Teams bei Fragen rund um Brand Management und Corporate Identity &amp; Design.<\/p>\n\n\n\n<h2 class=\"wp-block-heading\">Projekt und Change Management<\/h2>\n\n\n\n<p>Als zertifizierter Lean Six Sigma Back Belt leite ich interdisziplin\u00e4re Projekte. Dabei vermittle ich als erfahrene \u00dcbersetzerin zwischen den verschiedenen involvierten Unternehmensbereichen und unterschiedlichen Mitarbeiterebenen &#8211; aufmerksam, differenziert und ad\u00e4quat zur jeweiligen Zielgruppe. <\/p>\n\n\n\n<h2 class=\"wp-block-heading\">Training<\/h2>\n\n\n\n<p>Ich konzipiere und organsiere Trainings und Workshops vom Einladungmanagement \u00fcber die Durchf\u00fchrung bis zum Reporting als zertifizierte Trainerin, als Moderatorin oder administrativ.<\/p>\n\n\n\n<h2 class=\"wp-block-heading\"><em>English<\/em><\/h2>\n\n\n\n<h2 class=\"wp-block-heading\"><em>Corporate Identity and Brand management<\/em><\/h2>\n\n\n\n<p><em>As a consultant for strategic and operational brand management, I support teams in questions relating to brand management and corporate identity\/design.<\/em><\/p>\n\n\n\n<h2 class=\"wp-block-heading\"><em>Project and Change Management<\/em><\/h2>\n\n\n\n<p><em>As a certified Lean Six Sigma Back Belt, I manage interdisciplinary projects. As an experienced translator, I mediate between the various divisions involved and different levels of employees &#8211; attentively, differentiated and appropriate to the respective target group.<\/em><\/p>\n\n\n\n<h2 class=\"wp-block-heading\"><em>Training<\/em><\/h2>\n\n\n\n<p><em>I design and organize training courses and workshops from invitation management to implementation and reporting as a certified trainer, moderator or administrator.<\/em><\/p>\n\n\n\n<p><\/p>\n\n\n\n<p><\/p>\n\n\n\n<h2 class=\"wp-block-heading\">Qualifikationen \/ <em>Qualifications<\/em><\/h2>\n\n\n\n<p>Master Management of AI, <a href=\"https:\/\/academy4.ai\/\" data-type=\"link\" data-id=\"https:\/\/academy4.ai\/\">Academy4ai,<\/a> 2024<\/p>\n\n\n\n<p>Change Management Consultant, <a href=\"https:\/\/acus-akademie.com\/\">Acus Academy<\/a>, 2019<\/p>\n\n\n\n<p>Systemischer Business Coach \/ <em>Systemic Business Coach<\/em>, <a href=\"https:\/\/acus-akademie.com\/\">Acus Academy<\/a>, 2019<\/p>\n\n\n\n<p>Business English <a href=\"http:\/\/www.ets.org\/toeic\">TOEIC<\/a> 4 Skills, Level C1, 2018<\/p>\n\n\n\n<p>Telef\u00f3nica Black Belt Award f\u00fcr Unternehmerisches Handeln \/ Telef\u00f3nica Black Belt Award for Entrepreneurship, 2014<\/p>\n\n\n\n<p>Zertifizierte Trainerin, Bundesverband ausgebildeter Trainer und Berater <a href=\"https:\/\/www.bundesverband-ausgebildeter-trainer-und-berater.de\/\">BaTB<\/a> , 2013<br>ca. 450 Trainingsstunden und Workshopmoderationen \/ <em>Certified Trainer, Federal Association of Trainers and Consultants <a href=\"https:\/\/www.bundesverband-ausgebildeter-trainer-und-berater.de\/\">BaTB<\/a> , 2013, approx. 450 hours as a trainer and workshop facilitator<\/em><\/p>\n\n\n\n<p>Lean<a href=\"https:\/\/de.wikipedia.org\/wiki\/Six_Sigma\">SixSigma<\/a> Black Belt, Telef\u00f3nica Oseelo 2013<\/p>\n\n\n\n<p>Magister Artium Kunst- und Designgeschichte, Kunstp\u00e4dagogik \/ <em>M.A. Art and Design History, Art Education,<\/em> Otto-Friedrich-Universit\u00e4t Bamberg, 1996<\/p>\n\n\n\n<p><\/p>\n<div class=\"pvc_clear\"><\/div><p id=\"pvc_stats_60\" class=\"pvc_stats all  \" data-element-id=\"60\" style=\"\"><i class=\"pvc-stats-icon medium\" aria-hidden=\"true\"><svg aria-hidden=\"true\" focusable=\"false\" data-prefix=\"far\" data-icon=\"chart-bar\" role=\"img\" xmlns=\"http:\/\/www.w3.org\/2000\/svg\" viewBox=\"0 0 512 512\" class=\"svg-inline--fa fa-chart-bar fa-w-16 fa-2x\"><path fill=\"currentColor\" d=\"M396.8 352h22.4c6.4 0 12.8-6.4 12.8-12.8V108.8c0-6.4-6.4-12.8-12.8-12.8h-22.4c-6.4 0-12.8 6.4-12.8 12.8v230.4c0 6.4 6.4 12.8 12.8 12.8zm-192 0h22.4c6.4 0 12.8-6.4 12.8-12.8V140.8c0-6.4-6.4-12.8-12.8-12.8h-22.4c-6.4 0-12.8 6.4-12.8 12.8v198.4c0 6.4 6.4 12.8 12.8 12.8zm96 0h22.4c6.4 0 12.8-6.4 12.8-12.8V204.8c0-6.4-6.4-12.8-12.8-12.8h-22.4c-6.4 0-12.8 6.4-12.8 12.8v134.4c0 6.4 6.4 12.8 12.8 12.8zM496 400H48V80c0-8.84-7.16-16-16-16H16C7.16 64 0 71.16 0 80v336c0 17.67 14.33 32 32 32h464c8.84 0 16-7.16 16-16v-16c0-8.84-7.16-16-16-16zm-387.2-48h22.4c6.4 0 12.8-6.4 12.8-12.8v-70.4c0-6.4-6.4-12.8-12.8-12.8h-22.4c-6.4 0-12.8 6.4-12.8 12.8v70.4c0 6.4 6.4 12.8 12.8 12.8z\" class=\"\"><\/path><\/svg><\/i> <img loading=\"lazy\" decoding=\"async\" width=\"16\" height=\"16\" alt=\"Loading\" src=\"https:\/\/brandcomchange.de\/wp-content\/plugins\/page-views-count\/ajax-loader-2x.gif\" border=0 \/><\/p><div class=\"pvc_clear\"><\/div>","protected":false},"excerpt":{"rendered":"<p>Corporate Identity and Brand Management Als Beraterin f\u00fcr strategische und operative Markenf\u00fchrung unterst\u00fctze ich Teams bei Fragen rund um Brand Management und Corporate Identity &amp; Design. Projekt und Change Management Als zertifizierter Lean Six Sigma Back Belt leite ich interdisziplin\u00e4re Projekte. Dabei vermittle ich als erfahrene \u00dcbersetzerin zwischen den verschiedenen involvierten Unternehmensbereichen und unterschiedlichen Mitarbeiterebenen &hellip; <\/p>\n<p class=\"link-more\"><a href=\"https:\/\/brandcomchange.de\/?page_id=60\" class=\"more-link\"><span class=\"screen-reader-text\">\u201ePortfolio\u201c<\/span> weiterlesen<\/a><\/p>\n<div class=\"pvc_clear\"><\/div>\n<p id=\"pvc_stats_60\" class=\"pvc_stats all  \" data-element-id=\"60\" style=\"\"><i class=\"pvc-stats-icon medium\" aria-hidden=\"true\"><svg aria-hidden=\"true\" focusable=\"false\" data-prefix=\"far\" data-icon=\"chart-bar\" role=\"img\" xmlns=\"http:\/\/www.w3.org\/2000\/svg\" viewBox=\"0 0 512 512\" class=\"svg-inline--fa fa-chart-bar fa-w-16 fa-2x\"><path fill=\"currentColor\" d=\"M396.8 352h22.4c6.4 0 12.8-6.4 12.8-12.8V108.8c0-6.4-6.4-12.8-12.8-12.8h-22.4c-6.4 0-12.8 6.4-12.8 12.8v230.4c0 6.4 6.4 12.8 12.8 12.8zm-192 0h22.4c6.4 0 12.8-6.4 12.8-12.8V140.8c0-6.4-6.4-12.8-12.8-12.8h-22.4c-6.4 0-12.8 6.4-12.8 12.8v198.4c0 6.4 6.4 12.8 12.8 12.8zm96 0h22.4c6.4 0 12.8-6.4 12.8-12.8V204.8c0-6.4-6.4-12.8-12.8-12.8h-22.4c-6.4 0-12.8 6.4-12.8 12.8v134.4c0 6.4 6.4 12.8 12.8 12.8zM496 400H48V80c0-8.84-7.16-16-16-16H16C7.16 64 0 71.16 0 80v336c0 17.67 14.33 32 32 32h464c8.84 0 16-7.16 16-16v-16c0-8.84-7.16-16-16-16zm-387.2-48h22.4c6.4 0 12.8-6.4 12.8-12.8v-70.4c0-6.4-6.4-12.8-12.8-12.8h-22.4c-6.4 0-12.8 6.4-12.8 12.8v70.4c0 6.4 6.4 12.8 12.8 12.8z\" class=\"\"><\/path><\/svg><\/i> <img loading=\"lazy\" decoding=\"async\" width=\"16\" height=\"16\" alt=\"Loading\" src=\"https:\/\/brandcomchange.de\/wp-content\/plugins\/page-views-count\/ajax-loader-2x.gif\" border=0 \/><\/p>\n<div class=\"pvc_clear\"><\/div>\n","protected":false},"author":2,"featured_media":0,"parent":0,"menu_order":0,"comment_status":"closed","ping_status":"closed","template":"","meta":{"footnotes":""},"class_list":["post-60","page","type-page","status-publish","hentry"],"_links":{"self":[{"href":"https:\/\/brandcomchange.de\/index.php?rest_route=\/wp\/v2\/pages\/60","targetHints":{"allow":["GET"]}}],"collection":[{"href":"https:\/\/brandcomchange.de\/index.php?rest_route=\/wp\/v2\/pages"}],"about":[{"href":"https:\/\/brandcomchange.de\/index.php?rest_route=\/wp\/v2\/types\/page"}],"author":[{"embeddable":true,"href":"https:\/\/brandcomchange.de\/index.php?rest_route=\/wp\/v2\/users\/2"}],"replies":[{"embeddable":true,"href":"https:\/\/brandcomchange.de\/index.php?rest_route=%2Fwp%2Fv2%2Fcomments&post=60"}],"version-history":[{"count":16,"href":"https:\/\/brandcomchange.de\/index.php?rest_route=\/wp\/v2\/pages\/60\/revisions"}],"predecessor-version":[{"id":322,"href":"https:\/\/brandcomchange.de\/index.php?rest_route=\/wp\/v2\/pages\/60\/revisions\/322"}],"wp:attachment":[{"href":"https:\/\/brandcomchange.de\/index.php?rest_route=%2Fwp%2Fv2%2Fmedia&parent=60"}],"curies":[{"name":"wp","href":"https:\/\/api.w.org\/{rel}","templated":true}]}}