{"id":55,"date":"2019-10-15T16:25:36","date_gmt":"2019-10-15T14:25:36","guid":{"rendered":"http:\/\/t02.wpdozent10.mvhs-online.de\/?page_id=55"},"modified":"2025-11-16T09:30:33","modified_gmt":"2025-11-16T09:30:33","slug":"ueber-mich-2","status":"publish","type":"page","link":"https:\/\/brandcomchange.de\/?page_id=55","title":{"rendered":"Profil"},"content":{"rendered":"\n<figure class=\"wp-block-image size-large is-resized\"><img loading=\"lazy\" decoding=\"async\" width=\"1024\" height=\"552\" src=\"https:\/\/brandcomchange.de\/wp-content\/uploads\/2025\/06\/cropped-cropped-DSL_7448-2_25pb01-web-e1748859762391-1024x552.jpg\" alt=\"\" class=\"wp-image-300\" style=\"width:264px;height:auto\" srcset=\"https:\/\/brandcomchange.de\/wp-content\/uploads\/2025\/06\/cropped-cropped-DSL_7448-2_25pb01-web-e1748859762391-1024x552.jpg 1024w, https:\/\/brandcomchange.de\/wp-content\/uploads\/2025\/06\/cropped-cropped-DSL_7448-2_25pb01-web-e1748859762391-300x162.jpg 300w, https:\/\/brandcomchange.de\/wp-content\/uploads\/2025\/06\/cropped-cropped-DSL_7448-2_25pb01-web-e1748859762391-768x414.jpg 768w, https:\/\/brandcomchange.de\/wp-content\/uploads\/2025\/06\/cropped-cropped-DSL_7448-2_25pb01-web-e1748859762391-1536x828.jpg 1536w, https:\/\/brandcomchange.de\/wp-content\/uploads\/2025\/06\/cropped-cropped-DSL_7448-2_25pb01-web-e1748859762391.jpg 2000w\" sizes=\"auto, (max-width: 767px) 89vw, (max-width: 1000px) 54vw, (max-width: 1071px) 543px, 580px\" \/><\/figure>\n\n\n\n<p>Ideenreich und kreativ<br>Strukturiert und flexibel<br>Pragmatisch und l\u00f6sungsorientiert<\/p>\n\n\n\n<p><em>Imaginative and creative<\/em> <br><em>Structured and flexible<\/em> <br><em>Down-to-earth and solution-oriented<\/em><\/p>\n\n\n\n<h2 class=\"wp-block-heading\">Was ich mitbringe<\/h2>\n\n\n\n<p>Fundiertes Wissen zu Corporate Identity und Corporate Design, Training und Prozessen <br>Fingerspitzengef\u00fchl f\u00fcr Kommunikation und Projektleitung<br>Ein diplomatisches H\u00e4ndchen f\u00fcr interdisziplin\u00e4re Teams<br>Einen kritischen Blick von au\u00dfen<br>Motivation f\u00fcr eine konstruktive und wertsch\u00e4tzende Arbeitsatmosph\u00e4re auf Augenh\u00f6he<\/p>\n\n\n\n<h2 class=\"wp-block-heading\">Meine Erfahrung<\/h2>\n\n\n\n<p>Als Ex-O<sub>2<\/sub> berate ich seit 2019 Marken wie TUM, Allianz, BayWa und O<sub>2<\/sub>Telef\u00f3nica. Auf Agenturseite habe ich im Client Service Loewe, BMW, Neue Pinakothek M\u00fcnchen, Doerner Institut, Stiftung Saarl\u00e4ndischer Kulturbesitz, Versicherungskammer Bayern, Daimler Chrysler Maibach, Verkehrsbetriebe Potsdam, Intel, Bluewin und Heidelberger Druckmaschinen gemanaget. Meine Professionalit\u00e4t habe ich als Senior Brand Manager, PM und LeanSixSigma BlackBelt bei O<sub>2<\/sub> Telef\u00f3nica, als Key Account bei KMS-Team M\u00fcnchen und MetaDesign Berlin, sowie als Dozentin f\u00fcr Design Management an der FH Potsdam und an der Kunsthochschule Wei\u00dfensee erworben. Ein Schwerpunkt meiner Arbeit sind interne Trainings und Workshops, vom Konzept, \u00fcber die Durchf\u00fchrung, vom Einladungsmanagement bis zum Reporting. In meiner T\u00e4tigkeit als Referentin f\u00fcr die Fraunhofer Gesellschaft unterst\u00fctze ich den Bereich Transferf\u00f6rderung und -beratung.<\/p>\n\n\n\n<h2 class=\"wp-block-heading\"><em>English<\/em><\/h2>\n\n\n\n<h2 class=\"wp-block-heading\"><em>What I offer you<\/em><\/h2>\n\n\n\n<p><em>In-depth knowledge of corporate identity and design, training and processes<\/em><br><em>Strong communication as well as project management skills<\/em><br><em>Diplomacy<\/em> for interdisciplinary teams<br>A critical view from the outside<br><em>A motivated, positive hands-on attitude<\/em> for a constructive and appreciative working atmosphere at eye level<\/p>\n\n\n\n<p><\/p>\n\n\n\n<p><br><em>My experience<\/em><\/p>\n\n\n\n<p>As an ex-O<sub>2<\/sub>, I have been advising brands such as TUM, Allianz, BayWa and O<sub>2<\/sub> Telef\u00f3nica since 2019. On the agency side, I have managed Loewe, BMW, Neue Pinakothek Munich, Doerner Institut, Stiftung Saarl\u00e4ndischer Kulturbesitz, Versicherungskammer Bayern, Daimler Chrysler Maibach, Verkehrsbetriebe Potsdam, Intel, Bluewin and Heidelberger Druckmaschinen in Client Service. I gained my professionalism as Senior Brand Manager, PM and LeanSixSigma BlackBelt at O<sub>2<\/sub> Telef\u00f3nica, as Key Account at KMS-Team Munich and MetaDesign Berlin, as well as lecturer for Design Management at the FH Potsdam and at the Kunsthochschule Wei\u00dfensee. One focus of my work is training and workshops, from the concept to the implementation, from invitation management to reporting. In my role at  Fraunhofer Gesellschaft I support the area of science transfer.<\/p>\n\n\n\n<p><\/p>\n<div class=\"pvc_clear\"><\/div><p id=\"pvc_stats_55\" class=\"pvc_stats all  \" data-element-id=\"55\" style=\"\"><i class=\"pvc-stats-icon medium\" aria-hidden=\"true\"><svg aria-hidden=\"true\" focusable=\"false\" data-prefix=\"far\" data-icon=\"chart-bar\" role=\"img\" xmlns=\"http:\/\/www.w3.org\/2000\/svg\" viewBox=\"0 0 512 512\" class=\"svg-inline--fa fa-chart-bar fa-w-16 fa-2x\"><path fill=\"currentColor\" d=\"M396.8 352h22.4c6.4 0 12.8-6.4 12.8-12.8V108.8c0-6.4-6.4-12.8-12.8-12.8h-22.4c-6.4 0-12.8 6.4-12.8 12.8v230.4c0 6.4 6.4 12.8 12.8 12.8zm-192 0h22.4c6.4 0 12.8-6.4 12.8-12.8V140.8c0-6.4-6.4-12.8-12.8-12.8h-22.4c-6.4 0-12.8 6.4-12.8 12.8v198.4c0 6.4 6.4 12.8 12.8 12.8zm96 0h22.4c6.4 0 12.8-6.4 12.8-12.8V204.8c0-6.4-6.4-12.8-12.8-12.8h-22.4c-6.4 0-12.8 6.4-12.8 12.8v134.4c0 6.4 6.4 12.8 12.8 12.8zM496 400H48V80c0-8.84-7.16-16-16-16H16C7.16 64 0 71.16 0 80v336c0 17.67 14.33 32 32 32h464c8.84 0 16-7.16 16-16v-16c0-8.84-7.16-16-16-16zm-387.2-48h22.4c6.4 0 12.8-6.4 12.8-12.8v-70.4c0-6.4-6.4-12.8-12.8-12.8h-22.4c-6.4 0-12.8 6.4-12.8 12.8v70.4c0 6.4 6.4 12.8 12.8 12.8z\" class=\"\"><\/path><\/svg><\/i> <img loading=\"lazy\" decoding=\"async\" width=\"16\" height=\"16\" alt=\"Loading\" src=\"https:\/\/brandcomchange.de\/wp-content\/plugins\/page-views-count\/ajax-loader-2x.gif\" border=0 \/><\/p><div class=\"pvc_clear\"><\/div>","protected":false},"excerpt":{"rendered":"<p>Ideenreich und kreativStrukturiert und flexibelPragmatisch und l\u00f6sungsorientiert Imaginative and creative Structured and flexible Down-to-earth and solution-oriented Was ich mitbringe Fundiertes Wissen zu Corporate Identity und Corporate Design, Training und Prozessen Fingerspitzengef\u00fchl f\u00fcr Kommunikation und ProjektleitungEin diplomatisches H\u00e4ndchen f\u00fcr interdisziplin\u00e4re TeamsEinen kritischen Blick von au\u00dfenMotivation f\u00fcr eine konstruktive und wertsch\u00e4tzende Arbeitsatmosph\u00e4re auf Augenh\u00f6he Meine Erfahrung Als &hellip; <\/p>\n<p class=\"link-more\"><a href=\"https:\/\/brandcomchange.de\/?page_id=55\" class=\"more-link\"><span class=\"screen-reader-text\">\u201eProfil\u201c<\/span> weiterlesen<\/a><\/p>\n<div class=\"pvc_clear\"><\/div>\n<p id=\"pvc_stats_55\" class=\"pvc_stats all  \" data-element-id=\"55\" style=\"\"><i class=\"pvc-stats-icon medium\" aria-hidden=\"true\"><svg aria-hidden=\"true\" focusable=\"false\" data-prefix=\"far\" data-icon=\"chart-bar\" role=\"img\" xmlns=\"http:\/\/www.w3.org\/2000\/svg\" viewBox=\"0 0 512 512\" class=\"svg-inline--fa fa-chart-bar fa-w-16 fa-2x\"><path fill=\"currentColor\" d=\"M396.8 352h22.4c6.4 0 12.8-6.4 12.8-12.8V108.8c0-6.4-6.4-12.8-12.8-12.8h-22.4c-6.4 0-12.8 6.4-12.8 12.8v230.4c0 6.4 6.4 12.8 12.8 12.8zm-192 0h22.4c6.4 0 12.8-6.4 12.8-12.8V140.8c0-6.4-6.4-12.8-12.8-12.8h-22.4c-6.4 0-12.8 6.4-12.8 12.8v198.4c0 6.4 6.4 12.8 12.8 12.8zm96 0h22.4c6.4 0 12.8-6.4 12.8-12.8V204.8c0-6.4-6.4-12.8-12.8-12.8h-22.4c-6.4 0-12.8 6.4-12.8 12.8v134.4c0 6.4 6.4 12.8 12.8 12.8zM496 400H48V80c0-8.84-7.16-16-16-16H16C7.16 64 0 71.16 0 80v336c0 17.67 14.33 32 32 32h464c8.84 0 16-7.16 16-16v-16c0-8.84-7.16-16-16-16zm-387.2-48h22.4c6.4 0 12.8-6.4 12.8-12.8v-70.4c0-6.4-6.4-12.8-12.8-12.8h-22.4c-6.4 0-12.8 6.4-12.8 12.8v70.4c0 6.4 6.4 12.8 12.8 12.8z\" class=\"\"><\/path><\/svg><\/i> <img loading=\"lazy\" decoding=\"async\" width=\"16\" height=\"16\" alt=\"Loading\" src=\"https:\/\/brandcomchange.de\/wp-content\/plugins\/page-views-count\/ajax-loader-2x.gif\" border=0 \/><\/p>\n<div class=\"pvc_clear\"><\/div>\n","protected":false},"author":2,"featured_media":0,"parent":0,"menu_order":0,"comment_status":"closed","ping_status":"closed","template":"","meta":{"footnotes":""},"class_list":["post-55","page","type-page","status-publish","hentry"],"_links":{"self":[{"href":"https:\/\/brandcomchange.de\/index.php?rest_route=\/wp\/v2\/pages\/55","targetHints":{"allow":["GET"]}}],"collection":[{"href":"https:\/\/brandcomchange.de\/index.php?rest_route=\/wp\/v2\/pages"}],"about":[{"href":"https:\/\/brandcomchange.de\/index.php?rest_route=\/wp\/v2\/types\/page"}],"author":[{"embeddable":true,"href":"https:\/\/brandcomchange.de\/index.php?rest_route=\/wp\/v2\/users\/2"}],"replies":[{"embeddable":true,"href":"https:\/\/brandcomchange.de\/index.php?rest_route=%2Fwp%2Fv2%2Fcomments&post=55"}],"version-history":[{"count":21,"href":"https:\/\/brandcomchange.de\/index.php?rest_route=\/wp\/v2\/pages\/55\/revisions"}],"predecessor-version":[{"id":314,"href":"https:\/\/brandcomchange.de\/index.php?rest_route=\/wp\/v2\/pages\/55\/revisions\/314"}],"wp:attachment":[{"href":"https:\/\/brandcomchange.de\/index.php?rest_route=%2Fwp%2Fv2%2Fmedia&parent=55"}],"curies":[{"name":"wp","href":"https:\/\/api.w.org\/{rel}","templated":true}]}}